{"id":196,"date":"2022-04-21T18:20:57","date_gmt":"2022-04-21T18:20:57","guid":{"rendered":"https:\/\/makerseventi.it\/?page_id=196"},"modified":"2025-02-27T12:05:31","modified_gmt":"2025-02-27T12:05:31","slug":"coaching-e-formazione","status":"publish","type":"page","link":"https:\/\/makerseventi.it\/index.php\/coaching-e-formazione\/","title":{"rendered":"Coaching e Formazione"},"content":{"rendered":"\n<p>Aiutiamo le persone a sviluppare &nbsp;la capacit\u00e0 di &nbsp;visione e le competenze necessarie, a livello organizzativo, per affrontare e gestire la complessit\u00e0.&nbsp;<\/p>\n\n\n\n<p>Applichiamo i valori e il metodo&nbsp; dello sport per sviluppare mentalit\u00e0 e capacit\u00e0 di leadership trasformative. <\/p>\n\n\n\n<p>Progettiamo per i nostri partners\u00a0\u00a0esperienze formative, individuali e di gruppo, di mental coaching e team building, e workshop motivazionali, con il contributo, in qualit\u00e0\u00a0di formatori\u00a0e testimonial, di grandi atleti e allenatori di livello internazionale,\u00a0tra i quali Filippo Magnini, Flavia Pennetta, Roberta Vinci, Riccardo Pittis, Simone Pianigiani, Tommaso Chieffi, Sergio Scariolo, Alessio Tacchinardi, Rolando Bianchi, Alberto Schieppati.<\/p>\n","protected":false},"excerpt":{"rendered":"<p>Aiutiamo le persone a sviluppare &nbsp;la capacit\u00e0 di &nbsp;visione e le competenze necessarie, a livello organizzativo, per affrontare e gestire la complessit\u00e0.&nbsp; Applichiamo i valori e il metodo&nbsp; dello sport per sviluppare mentalit\u00e0 e capacit\u00e0 di leadership trasformative. Progettiamo per i nostri partners\u00a0\u00a0esperienze formative, individuali e di gruppo, di mental coaching e team building, e&hellip; <br \/> <a class=\"read-more\" href=\"https:\/\/makerseventi.it\/index.php\/coaching-e-formazione\/\">Leggi tutto<\/a><\/p>\n","protected":false},"author":1,"featured_media":540,"parent":0,"menu_order":0,"comment_status":"closed","ping_status":"closed","template":"","meta":{"ngg_post_thumbnail":0,"footnotes":""},"class_list":["post-196","page","type-page","status-publish","has-post-thumbnail","hentry"],"_links":{"self":[{"href":"https:\/\/makerseventi.it\/index.php\/wp-json\/wp\/v2\/pages\/196","targetHints":{"allow":["GET"]}}],"collection":[{"href":"https:\/\/makerseventi.it\/index.php\/wp-json\/wp\/v2\/pages"}],"about":[{"href":"https:\/\/makerseventi.it\/index.php\/wp-json\/wp\/v2\/types\/page"}],"author":[{"embeddable":true,"href":"https:\/\/makerseventi.it\/index.php\/wp-json\/wp\/v2\/users\/1"}],"replies":[{"embeddable":true,"href":"https:\/\/makerseventi.it\/index.php\/wp-json\/wp\/v2\/comments?post=196"}],"version-history":[{"count":8,"href":"https:\/\/makerseventi.it\/index.php\/wp-json\/wp\/v2\/pages\/196\/revisions"}],"predecessor-version":[{"id":1571,"href":"https:\/\/makerseventi.it\/index.php\/wp-json\/wp\/v2\/pages\/196\/revisions\/1571"}],"wp:featuredmedia":[{"embeddable":true,"href":"https:\/\/makerseventi.it\/index.php\/wp-json\/wp\/v2\/media\/540"}],"wp:attachment":[{"href":"https:\/\/makerseventi.it\/index.php\/wp-json\/wp\/v2\/media?parent=196"}],"curies":[{"name":"wp","href":"https:\/\/api.w.org\/{rel}","templated":true}]}}